{"id":845,"date":"2025-11-25T14:34:48","date_gmt":"2025-11-25T14:34:48","guid":{"rendered":"https:\/\/www.sifreenergyconstruction.es\/actius-immobiliaris\/"},"modified":"2026-03-18T10:53:03","modified_gmt":"2026-03-18T10:53:03","slug":"actius-immobiliaris","status":"publish","type":"page","link":"https:\/\/www.sifreenergyconstruction.es\/ca\/actius-immobiliaris\/","title":{"rendered":"Actius immobiliaris"},"content":{"rendered":"\t\t<div data-elementor-type=\"wp-page\" data-elementor-id=\"845\" class=\"elementor elementor-845 elementor-761\" data-elementor-post-type=\"page\">\n\t\t\t\t<div class=\"elementor-element elementor-element-6ddf3472 e-flex e-con-boxed e-con e-parent\" data-id=\"6ddf3472\" data-element_type=\"container\" data-e-type=\"container\" data-settings=\"{&quot;background_background&quot;:&quot;slideshow&quot;,&quot;background_slideshow_gallery&quot;:[{&quot;id&quot;:850,&quot;url&quot;:&quot;https:\\\/\\\/www.sifreenergyconstruction.es\\\/wp-content\\\/uploads\\\/2025\\\/11\\\/realtor-woman-holds-key-apartment-new-house-owner-property-makes-sale-buys-concept-real-estate-transaction-closeup.jpg&quot;}],&quot;background_slideshow_ken_burns&quot;:&quot;yes&quot;,&quot;background_slideshow_loop&quot;:&quot;yes&quot;,&quot;background_slideshow_slide_duration&quot;:5000,&quot;background_slideshow_slide_transition&quot;:&quot;fade&quot;,&quot;background_slideshow_transition_duration&quot;:500,&quot;background_slideshow_ken_burns_zoom_direction&quot;:&quot;in&quot;}\">\n\t\t\t\t\t<div class=\"e-con-inner\">\n\t\t\t\t<div class=\"elementor-element elementor-element-68b69e69 elementor-invisible elementor-widget elementor-widget-heading\" data-id=\"68b69e69\" data-element_type=\"widget\" data-e-type=\"widget\" data-settings=\"{&quot;_animation&quot;:&quot;fadeInUp&quot;}\" data-widget_type=\"heading.default\">\n\t\t\t\t\t<h1 class=\"elementor-heading-title elementor-size-default\">Actius immobiliaris<\/h1>\t\t\t\t<\/div>\n\t\t\t\t\t<\/div>\n\t\t\t\t<\/div>\n\t\t<div class=\"elementor-element elementor-element-749ebcc4 e-flex e-con-boxed e-con e-parent\" data-id=\"749ebcc4\" data-element_type=\"container\" data-e-type=\"container\">\n\t\t\t\t\t<div class=\"e-con-inner\">\n\t\t<div class=\"elementor-element elementor-element-480da050 e-con-full e-flex e-con e-child\" data-id=\"480da050\" data-element_type=\"container\" data-e-type=\"container\">\n\t\t\t\t<div class=\"elementor-element elementor-element-4baf42f0 elementor-invisible elementor-widget elementor-widget-heading\" data-id=\"4baf42f0\" data-element_type=\"widget\" data-e-type=\"widget\" data-settings=\"{&quot;_animation&quot;:&quot;fadeInUp&quot;}\" data-widget_type=\"heading.default\">\n\t\t\t\t\t<h3 class=\"elementor-heading-title elementor-size-default\">Inversions Immobili\u00e0ries amb Altes Rendibilitats<\/h3>\t\t\t\t<\/div>\n\t\t<div class=\"elementor-element elementor-element-64e5be89 e-con-full e-flex e-con e-child\" data-id=\"64e5be89\" data-element_type=\"container\" data-e-type=\"container\">\n\t\t<div class=\"elementor-element elementor-element-69cef4db e-con-full e-flex e-con e-child\" data-id=\"69cef4db\" data-element_type=\"container\" data-e-type=\"container\">\n\t\t\t\t<div class=\"elementor-element elementor-element-5acc8f25 elementor-invisible elementor-widget elementor-widget-text-editor\" data-id=\"5acc8f25\" data-element_type=\"widget\" data-e-type=\"widget\" data-settings=\"{&quot;_animation&quot;:&quot;fadeInUp&quot;}\" data-widget_type=\"text-editor.default\">\n\t\t\t\t\t\t\t\t\t<p>A <b>Sifre Energy Construction SL<\/b> posem a disposici\u00f3 dels nostres clients una \u00e0mplia cartera d&#8217;actius i productes immobiliaris de tota mena, seleccionats amb cura per garantir m\u00e0xima seguretat i altes rendibilitats.<br><br> Treballem amb oportunitats exclusives, des d&#8217;habitatges i locals fins a edificis, naus, terres i actius singulars, incloent immobles en diferents fases de situaci\u00f3 jur\u00eddica (lliures, llogats, en rendibilitat, en proc\u00e9s de sanejament, NPL, REO\u2026).<br> Gr\u00e0cies a la nostra vinculaci\u00f3 amb plataformes de gesti\u00f3 immobili\u00e0ria i patrimonial oferim accessos preferents a oportunitats que no arriben al mercat tradicional.<br><br> Si busques invertir amb garanties, diversificar el teu patrimoni o accedir a actius amb una relaci\u00f3 rendibilitat-risc molt favorable, t&#8217;acompanyem en tot el proc\u00e9s perqu\u00e8 prenguis decisions segures i amb la m\u00e0xima transpar\u00e8ncia.<\/p>\t\t\t\t\t\t\t\t<\/div>\n\t\t\t\t<\/div>\n\t\t\t\t<\/div>\n\t\t\t\t<\/div>\n\t\t<div class=\"elementor-element elementor-element-f178b27 e-con-full e-flex e-con e-child\" data-id=\"f178b27\" data-element_type=\"container\" data-e-type=\"container\">\n\t\t\t\t<div class=\"elementor-element elementor-element-109ff11 elementor-widget elementor-widget-image\" data-id=\"109ff11\" data-element_type=\"widget\" data-e-type=\"widget\" data-widget_type=\"image.default\">\n\t\t\t\t\t\t\t\t\t\t\t\t\t\t\t<img fetchpriority=\"high\" decoding=\"async\" width=\"683\" height=\"1024\" src=\"https:\/\/www.sifreenergyconstruction.es\/wp-content\/uploads\/2025\/11\/female-woman-hands-holding-home-model-small-miniature-white-toy-house-mortgage-property-insurance-dream-moving-home-real-estate-concept-683x1024.jpg\" class=\"attachment-large size-large wp-image-849\" alt=\"\" srcset=\"https:\/\/www.sifreenergyconstruction.es\/wp-content\/uploads\/2025\/11\/female-woman-hands-holding-home-model-small-miniature-white-toy-house-mortgage-property-insurance-dream-moving-home-real-estate-concept-683x1024.jpg 683w, https:\/\/www.sifreenergyconstruction.es\/wp-content\/uploads\/2025\/11\/female-woman-hands-holding-home-model-small-miniature-white-toy-house-mortgage-property-insurance-dream-moving-home-real-estate-concept-200x300.jpg 200w, https:\/\/www.sifreenergyconstruction.es\/wp-content\/uploads\/2025\/11\/female-woman-hands-holding-home-model-small-miniature-white-toy-house-mortgage-property-insurance-dream-moving-home-real-estate-concept-768x1152.jpg 768w, https:\/\/www.sifreenergyconstruction.es\/wp-content\/uploads\/2025\/11\/female-woman-hands-holding-home-model-small-miniature-white-toy-house-mortgage-property-insurance-dream-moving-home-real-estate-concept.jpg 1000w\" sizes=\"(max-width: 683px) 100vw, 683px\" \/>\t\t\t\t\t\t\t\t\t\t\t\t\t\t\t<\/div>\n\t\t\t\t<\/div>\n\t\t\t\t\t<\/div>\n\t\t\t\t<\/div>\n\t\t<div class=\"elementor-element elementor-element-4402b96 e-flex e-con-boxed e-con e-parent\" data-id=\"4402b96\" data-element_type=\"container\" data-e-type=\"container\" data-settings=\"{&quot;background_background&quot;:&quot;classic&quot;}\">\n\t\t\t\t\t<div class=\"e-con-inner\">\n\t\t\t\t<div class=\"elementor-element elementor-element-385405a elementor-invisible elementor-widget elementor-widget-heading\" data-id=\"385405a\" data-element_type=\"widget\" data-e-type=\"widget\" data-settings=\"{&quot;_animation&quot;:&quot;fadeInUp&quot;}\" data-widget_type=\"heading.default\">\n\t\t\t\t\t<h2 class=\"elementor-heading-title elementor-size-default\">Necessites taxar la teva vivenda o calcular els costos de la teva reforma?<\/h2>\t\t\t\t<\/div>\n\t\t\t\t<div class=\"elementor-element elementor-element-1db8fac elementor-invisible elementor-widget elementor-widget-button\" data-id=\"1db8fac\" data-element_type=\"widget\" data-e-type=\"widget\" data-settings=\"{&quot;_animation&quot;:&quot;fadeInUp&quot;}\" data-widget_type=\"button.default\">\n\t\t\t\t\t\t\t\t\t\t<a class=\"elementor-button elementor-button-link elementor-size-sm\" href=\"https:\/\/www.sifreenergyconstruction.es\/ca\/contacte\/\" target=\"_blank\">\n\t\t\t\t\t\t<span class=\"elementor-button-content-wrapper\">\n\t\t\t\t\t\t<span class=\"elementor-button-icon\">\n\t\t\t\t<i aria-hidden=\"true\" class=\"icon icon-right-arrow\"><\/i>\t\t\t<\/span>\n\t\t\t\t\t\t\t\t\t<span class=\"elementor-button-text\">M'interessa<\/span>\n\t\t\t\t\t<\/span>\n\t\t\t\t\t<\/a>\n\t\t\t\t\t\t\t\t<\/div>\n\t\t\t\t\t<\/div>\n\t\t\t\t<\/div>\n\t\t\t\t<\/div>\n\t\t","protected":false},"excerpt":{"rendered":"<p>Actius immobiliaris Inversions Immobili\u00e0ries amb Altes Rendibilitats A Sifre Energy Construction SL posem a disposici\u00f3 dels nostres clients una \u00e0mplia cartera d&#8217;actius i productes immobiliaris de tota mena, seleccionats amb cura per garantir m\u00e0xima seguretat i altes rendibilitats. Treballem amb oportunitats exclusives, des d&#8217;habitatges i locals fins a edificis, naus, terres i actius singulars, incloent [&hellip;]<\/p>\n","protected":false},"author":2,"featured_media":0,"parent":0,"menu_order":0,"comment_status":"closed","ping_status":"closed","template":"elementor_header_footer","meta":{"footnotes":""},"class_list":["post-845","page","type-page","status-publish","hentry"],"yoast_head":"<!-- This site is optimized with the Yoast SEO Premium plugin v22.9 (Yoast SEO v27.6) - https:\/\/yoast.com\/product\/yoast-seo-premium-wordpress\/ -->\n<title>Actius immobiliaris | Gesti\u00f3 i revaloraci\u00f3 de propietats<\/title>\n<meta name=\"description\" content=\"Descobreix com Sifre Energy Construction gestiona i revalora actius immobiliaris amb solucions eficients, sostenibles i adaptades\" \/>\n<meta name=\"robots\" content=\"index, follow, max-snippet:-1, max-image-preview:large, max-video-preview:-1\" \/>\n<link rel=\"canonical\" href=\"https:\/\/www.sifreenergyconstruction.es\/ca\/actius-immobiliaris\/\" \/>\n<meta property=\"og:locale\" content=\"ca_ES\" \/>\n<meta property=\"og:type\" content=\"article\" \/>\n<meta property=\"og:title\" content=\"Actius immobiliaris\" \/>\n<meta property=\"og:description\" content=\"Descobreix com Sifre Energy Construction gestiona i revalora actius immobiliaris amb solucions eficients, sostenibles i adaptades\" \/>\n<meta property=\"og:url\" content=\"https:\/\/www.sifreenergyconstruction.es\/ca\/actius-immobiliaris\/\" \/>\n<meta property=\"og:site_name\" content=\"Sifre Energy Construction\" \/>\n<meta property=\"article:modified_time\" content=\"2026-03-18T10:53:03+00:00\" \/>\n<meta property=\"og:image\" content=\"https:\/\/www.sifreenergyconstruction.es\/wp-content\/uploads\/2025\/11\/female-woman-hands-holding-home-model-small-miniature-white-toy-house-mortgage-property-insurance-dream-moving-home-real-estate-concept.jpg\" \/>\n\t<meta property=\"og:image:width\" content=\"1000\" \/>\n\t<meta property=\"og:image:height\" content=\"1500\" \/>\n\t<meta property=\"og:image:type\" content=\"image\/jpeg\" \/>\n<meta name=\"twitter:card\" content=\"summary_large_image\" \/>\n<meta name=\"twitter:label1\" content=\"Temps estimat de lectura\" \/>\n\t<meta name=\"twitter:data1\" content=\"1 minut\" \/>\n<script type=\"application\/ld+json\" class=\"yoast-schema-graph\">{\"@context\":\"https:\\\/\\\/schema.org\",\"@graph\":[{\"@type\":\"WebPage\",\"@id\":\"https:\\\/\\\/www.sifreenergyconstruction.es\\\/ca\\\/actius-immobiliaris\\\/\",\"url\":\"https:\\\/\\\/www.sifreenergyconstruction.es\\\/ca\\\/actius-immobiliaris\\\/\",\"name\":\"Actius immobiliaris | Gesti\u00f3 i revaloraci\u00f3 de propietats\",\"isPartOf\":{\"@id\":\"https:\\\/\\\/www.sifreenergyconstruction.es\\\/ca\\\/#website\"},\"primaryImageOfPage\":{\"@id\":\"https:\\\/\\\/www.sifreenergyconstruction.es\\\/ca\\\/actius-immobiliaris\\\/#primaryimage\"},\"image\":{\"@id\":\"https:\\\/\\\/www.sifreenergyconstruction.es\\\/ca\\\/actius-immobiliaris\\\/#primaryimage\"},\"thumbnailUrl\":\"https:\\\/\\\/www.sifreenergyconstruction.es\\\/wp-content\\\/uploads\\\/2025\\\/11\\\/female-woman-hands-holding-home-model-small-miniature-white-toy-house-mortgage-property-insurance-dream-moving-home-real-estate-concept-683x1024.jpg\",\"datePublished\":\"2025-11-25T14:34:48+00:00\",\"dateModified\":\"2026-03-18T10:53:03+00:00\",\"description\":\"Descobreix com Sifre Energy Construction gestiona i revalora actius immobiliaris amb solucions eficients, sostenibles i adaptades\",\"breadcrumb\":{\"@id\":\"https:\\\/\\\/www.sifreenergyconstruction.es\\\/ca\\\/actius-immobiliaris\\\/#breadcrumb\"},\"inLanguage\":\"ca\",\"potentialAction\":[{\"@type\":\"ReadAction\",\"target\":[\"https:\\\/\\\/www.sifreenergyconstruction.es\\\/ca\\\/actius-immobiliaris\\\/\"]}]},{\"@type\":\"ImageObject\",\"inLanguage\":\"ca\",\"@id\":\"https:\\\/\\\/www.sifreenergyconstruction.es\\\/ca\\\/actius-immobiliaris\\\/#primaryimage\",\"url\":\"https:\\\/\\\/www.sifreenergyconstruction.es\\\/wp-content\\\/uploads\\\/2025\\\/11\\\/female-woman-hands-holding-home-model-small-miniature-white-toy-house-mortgage-property-insurance-dream-moving-home-real-estate-concept-683x1024.jpg\",\"contentUrl\":\"https:\\\/\\\/www.sifreenergyconstruction.es\\\/wp-content\\\/uploads\\\/2025\\\/11\\\/female-woman-hands-holding-home-model-small-miniature-white-toy-house-mortgage-property-insurance-dream-moving-home-real-estate-concept-683x1024.jpg\"},{\"@type\":\"BreadcrumbList\",\"@id\":\"https:\\\/\\\/www.sifreenergyconstruction.es\\\/ca\\\/actius-immobiliaris\\\/#breadcrumb\",\"itemListElement\":[{\"@type\":\"ListItem\",\"position\":1,\"name\":\"Portada\",\"item\":\"https:\\\/\\\/www.sifreenergyconstruction.es\\\/ca\\\/inici\\\/\"},{\"@type\":\"ListItem\",\"position\":2,\"name\":\"Actius immobiliaris\"}]},{\"@type\":\"WebSite\",\"@id\":\"https:\\\/\\\/www.sifreenergyconstruction.es\\\/ca\\\/#website\",\"url\":\"https:\\\/\\\/www.sifreenergyconstruction.es\\\/ca\\\/\",\"name\":\"Sifre Energy Construction\",\"description\":\"\",\"publisher\":{\"@id\":\"https:\\\/\\\/www.sifreenergyconstruction.es\\\/ca\\\/#organization\"},\"potentialAction\":[{\"@type\":\"SearchAction\",\"target\":{\"@type\":\"EntryPoint\",\"urlTemplate\":\"https:\\\/\\\/www.sifreenergyconstruction.es\\\/ca\\\/?s={search_term_string}\"},\"query-input\":{\"@type\":\"PropertyValueSpecification\",\"valueRequired\":true,\"valueName\":\"search_term_string\"}}],\"inLanguage\":\"ca\"},{\"@type\":\"Organization\",\"@id\":\"https:\\\/\\\/www.sifreenergyconstruction.es\\\/ca\\\/#organization\",\"name\":\"Sifre Energy Construction\",\"url\":\"https:\\\/\\\/www.sifreenergyconstruction.es\\\/ca\\\/\",\"logo\":{\"@type\":\"ImageObject\",\"inLanguage\":\"ca\",\"@id\":\"https:\\\/\\\/www.sifreenergyconstruction.es\\\/ca\\\/#\\\/schema\\\/logo\\\/image\\\/\",\"url\":\"https:\\\/\\\/www.sifreenergyconstruction.es\\\/wp-content\\\/uploads\\\/2025\\\/10\\\/cropped-favicon.png\",\"contentUrl\":\"https:\\\/\\\/www.sifreenergyconstruction.es\\\/wp-content\\\/uploads\\\/2025\\\/10\\\/cropped-favicon.png\",\"width\":512,\"height\":512,\"caption\":\"Sifre Energy Construction\"},\"image\":{\"@id\":\"https:\\\/\\\/www.sifreenergyconstruction.es\\\/ca\\\/#\\\/schema\\\/logo\\\/image\\\/\"}}]}<\/script>\n<!-- \/ Yoast SEO Premium plugin. -->","yoast_head_json":{"title":"Actius immobiliaris | Gesti\u00f3 i revaloraci\u00f3 de propietats","description":"Descobreix com Sifre Energy Construction gestiona i revalora actius immobiliaris amb solucions eficients, sostenibles i adaptades","robots":{"index":"index","follow":"follow","max-snippet":"max-snippet:-1","max-image-preview":"max-image-preview:large","max-video-preview":"max-video-preview:-1"},"canonical":"https:\/\/www.sifreenergyconstruction.es\/ca\/actius-immobiliaris\/","og_locale":"ca_ES","og_type":"article","og_title":"Actius immobiliaris","og_description":"Descobreix com Sifre Energy Construction gestiona i revalora actius immobiliaris amb solucions eficients, sostenibles i adaptades","og_url":"https:\/\/www.sifreenergyconstruction.es\/ca\/actius-immobiliaris\/","og_site_name":"Sifre Energy Construction","article_modified_time":"2026-03-18T10:53:03+00:00","og_image":[{"width":1000,"height":1500,"url":"https:\/\/www.sifreenergyconstruction.es\/wp-content\/uploads\/2025\/11\/female-woman-hands-holding-home-model-small-miniature-white-toy-house-mortgage-property-insurance-dream-moving-home-real-estate-concept.jpg","type":"image\/jpeg"}],"twitter_card":"summary_large_image","twitter_misc":{"Temps estimat de lectura":"1 minut"},"schema":{"@context":"https:\/\/schema.org","@graph":[{"@type":"WebPage","@id":"https:\/\/www.sifreenergyconstruction.es\/ca\/actius-immobiliaris\/","url":"https:\/\/www.sifreenergyconstruction.es\/ca\/actius-immobiliaris\/","name":"Actius immobiliaris | Gesti\u00f3 i revaloraci\u00f3 de propietats","isPartOf":{"@id":"https:\/\/www.sifreenergyconstruction.es\/ca\/#website"},"primaryImageOfPage":{"@id":"https:\/\/www.sifreenergyconstruction.es\/ca\/actius-immobiliaris\/#primaryimage"},"image":{"@id":"https:\/\/www.sifreenergyconstruction.es\/ca\/actius-immobiliaris\/#primaryimage"},"thumbnailUrl":"https:\/\/www.sifreenergyconstruction.es\/wp-content\/uploads\/2025\/11\/female-woman-hands-holding-home-model-small-miniature-white-toy-house-mortgage-property-insurance-dream-moving-home-real-estate-concept-683x1024.jpg","datePublished":"2025-11-25T14:34:48+00:00","dateModified":"2026-03-18T10:53:03+00:00","description":"Descobreix com Sifre Energy Construction gestiona i revalora actius immobiliaris amb solucions eficients, sostenibles i adaptades","breadcrumb":{"@id":"https:\/\/www.sifreenergyconstruction.es\/ca\/actius-immobiliaris\/#breadcrumb"},"inLanguage":"ca","potentialAction":[{"@type":"ReadAction","target":["https:\/\/www.sifreenergyconstruction.es\/ca\/actius-immobiliaris\/"]}]},{"@type":"ImageObject","inLanguage":"ca","@id":"https:\/\/www.sifreenergyconstruction.es\/ca\/actius-immobiliaris\/#primaryimage","url":"https:\/\/www.sifreenergyconstruction.es\/wp-content\/uploads\/2025\/11\/female-woman-hands-holding-home-model-small-miniature-white-toy-house-mortgage-property-insurance-dream-moving-home-real-estate-concept-683x1024.jpg","contentUrl":"https:\/\/www.sifreenergyconstruction.es\/wp-content\/uploads\/2025\/11\/female-woman-hands-holding-home-model-small-miniature-white-toy-house-mortgage-property-insurance-dream-moving-home-real-estate-concept-683x1024.jpg"},{"@type":"BreadcrumbList","@id":"https:\/\/www.sifreenergyconstruction.es\/ca\/actius-immobiliaris\/#breadcrumb","itemListElement":[{"@type":"ListItem","position":1,"name":"Portada","item":"https:\/\/www.sifreenergyconstruction.es\/ca\/inici\/"},{"@type":"ListItem","position":2,"name":"Actius immobiliaris"}]},{"@type":"WebSite","@id":"https:\/\/www.sifreenergyconstruction.es\/ca\/#website","url":"https:\/\/www.sifreenergyconstruction.es\/ca\/","name":"Sifre Energy Construction","description":"","publisher":{"@id":"https:\/\/www.sifreenergyconstruction.es\/ca\/#organization"},"potentialAction":[{"@type":"SearchAction","target":{"@type":"EntryPoint","urlTemplate":"https:\/\/www.sifreenergyconstruction.es\/ca\/?s={search_term_string}"},"query-input":{"@type":"PropertyValueSpecification","valueRequired":true,"valueName":"search_term_string"}}],"inLanguage":"ca"},{"@type":"Organization","@id":"https:\/\/www.sifreenergyconstruction.es\/ca\/#organization","name":"Sifre Energy Construction","url":"https:\/\/www.sifreenergyconstruction.es\/ca\/","logo":{"@type":"ImageObject","inLanguage":"ca","@id":"https:\/\/www.sifreenergyconstruction.es\/ca\/#\/schema\/logo\/image\/","url":"https:\/\/www.sifreenergyconstruction.es\/wp-content\/uploads\/2025\/10\/cropped-favicon.png","contentUrl":"https:\/\/www.sifreenergyconstruction.es\/wp-content\/uploads\/2025\/10\/cropped-favicon.png","width":512,"height":512,"caption":"Sifre Energy Construction"},"image":{"@id":"https:\/\/www.sifreenergyconstruction.es\/ca\/#\/schema\/logo\/image\/"}}]}},"_links":{"self":[{"href":"https:\/\/www.sifreenergyconstruction.es\/ca\/wp-json\/wp\/v2\/pages\/845","targetHints":{"allow":["GET"]}}],"collection":[{"href":"https:\/\/www.sifreenergyconstruction.es\/ca\/wp-json\/wp\/v2\/pages"}],"about":[{"href":"https:\/\/www.sifreenergyconstruction.es\/ca\/wp-json\/wp\/v2\/types\/page"}],"author":[{"embeddable":true,"href":"https:\/\/www.sifreenergyconstruction.es\/ca\/wp-json\/wp\/v2\/users\/2"}],"replies":[{"embeddable":true,"href":"https:\/\/www.sifreenergyconstruction.es\/ca\/wp-json\/wp\/v2\/comments?post=845"}],"version-history":[{"count":3,"href":"https:\/\/www.sifreenergyconstruction.es\/ca\/wp-json\/wp\/v2\/pages\/845\/revisions"}],"predecessor-version":[{"id":867,"href":"https:\/\/www.sifreenergyconstruction.es\/ca\/wp-json\/wp\/v2\/pages\/845\/revisions\/867"}],"wp:attachment":[{"href":"https:\/\/www.sifreenergyconstruction.es\/ca\/wp-json\/wp\/v2\/media?parent=845"}],"curies":[{"name":"wp","href":"https:\/\/api.w.org\/{rel}","templated":true}]}}