{"id":862,"date":"2025-10-27T09:26:05","date_gmt":"2025-10-27T09:26:05","guid":{"rendered":"https:\/\/www.sifreenergyconstruction.es\/blog\/"},"modified":"2026-02-19T11:32:02","modified_gmt":"2026-02-19T11:32:02","slug":"blog","status":"publish","type":"page","link":"https:\/\/www.sifreenergyconstruction.es\/ca\/blog\/","title":{"rendered":"Blog"},"content":{"rendered":"\t\t<div data-elementor-type=\"wp-page\" data-elementor-id=\"862\" class=\"elementor elementor-862 elementor-129\" data-elementor-post-type=\"page\">\n\t\t\t\t<div class=\"elementor-element elementor-element-c27fcdf e-flex e-con-boxed e-con e-parent\" data-id=\"c27fcdf\" data-element_type=\"container\" data-e-type=\"container\" data-settings=\"{&quot;background_background&quot;:&quot;classic&quot;}\">\n\t\t\t\t\t<div class=\"e-con-inner\">\n\t\t\t\t<div class=\"elementor-element elementor-element-3b1054a5 elementor-invisible elementor-widget elementor-widget-heading\" data-id=\"3b1054a5\" data-element_type=\"widget\" data-e-type=\"widget\" data-settings=\"{&quot;_animation&quot;:&quot;fadeInUp&quot;}\" data-widget_type=\"heading.default\">\n\t\t\t\t\t<h1 class=\"elementor-heading-title elementor-size-default\">Blog<\/h1>\t\t\t\t<\/div>\n\t\t\t\t\t<\/div>\n\t\t\t\t<\/div>\n\t\t<div class=\"elementor-element elementor-element-2746f933 e-flex e-con-boxed e-con e-parent\" data-id=\"2746f933\" data-element_type=\"container\" data-e-type=\"container\" data-settings=\"{&quot;background_background&quot;:&quot;classic&quot;}\">\n\t\t\t\t\t<div class=\"e-con-inner\">\n\t\t\t\t<div class=\"elementor-element elementor-element-c707e8f elementor-grid-2 elementor-posts--thumbnail-left elementor-grid-tablet-2 elementor-grid-mobile-1 elementor-widget elementor-widget-posts\" data-id=\"c707e8f\" data-element_type=\"widget\" data-e-type=\"widget\" data-settings=\"{&quot;classic_columns&quot;:&quot;2&quot;,&quot;pagination_type&quot;:&quot;prev_next&quot;,&quot;classic_columns_tablet&quot;:&quot;2&quot;,&quot;classic_columns_mobile&quot;:&quot;1&quot;,&quot;classic_row_gap&quot;:{&quot;unit&quot;:&quot;px&quot;,&quot;size&quot;:35,&quot;sizes&quot;:[]},&quot;classic_row_gap_widescreen&quot;:{&quot;unit&quot;:&quot;px&quot;,&quot;size&quot;:&quot;&quot;,&quot;sizes&quot;:[]},&quot;classic_row_gap_tablet&quot;:{&quot;unit&quot;:&quot;px&quot;,&quot;size&quot;:&quot;&quot;,&quot;sizes&quot;:[]},&quot;classic_row_gap_mobile&quot;:{&quot;unit&quot;:&quot;px&quot;,&quot;size&quot;:&quot;&quot;,&quot;sizes&quot;:[]}}\" data-widget_type=\"posts.classic\">\n\t\t\t\t<div class=\"elementor-widget-container\">\n\t\t\t\t\t\t\t<div class=\"elementor-posts-container elementor-posts elementor-posts--skin-classic elementor-grid\" role=\"list\">\n\t\t\t\t<article class=\"elementor-post elementor-grid-item post-1356 post type-post status-publish format-standard has-post-thumbnail hentry category-reforma-integral-a-barcelona category-reforma-integral-a-vilassar-de-mar category-reforma-integral-al-maresme tag-empresa-de-reformes tag-empresa-reformes-maresme tag-pressupost-reforma-habitatge tag-preu-reforma-a-barcelona tag-preu-reforma-a-vilassar-de-mar tag-preu-reforma-al-maresme tag-preu-reforma-integral-2026 tag-preu-reforma-integral-a-vilassar-de-mar tag-quant-costa-una-reforma-integral-a-vilassar-de-mar-el-2026 tag-reforma-integral-a-vilassar-de-mar tag-reforma-integral-al-maresme tag-reforma-integral-vilassar-de-mar tag-sifre-energy-construction\" role=\"listitem\">\n\t\t\t\t<a class=\"elementor-post__thumbnail__link\" href=\"https:\/\/www.sifreenergyconstruction.es\/ca\/quant-costa-una-reforma-integral-a-vilassar-de-mar-el-2026\/\" tabindex=\"-1\" >\n\t\t\t<div class=\"elementor-post__thumbnail\"><img fetchpriority=\"high\" decoding=\"async\" width=\"1376\" height=\"688\" src=\"https:\/\/www.sifreenergyconstruction.es\/wp-content\/uploads\/2026\/04\/Cuanto-cuesta-una-reforma-integral-en-Vilassar-de-Mar.png\" class=\"attachment-full size-full wp-image-1357\" alt=\"quant costa una reforma integral a Vilassar de Mar\" srcset=\"https:\/\/www.sifreenergyconstruction.es\/wp-content\/uploads\/2026\/04\/Cuanto-cuesta-una-reforma-integral-en-Vilassar-de-Mar.png 1376w, https:\/\/www.sifreenergyconstruction.es\/wp-content\/uploads\/2026\/04\/Cuanto-cuesta-una-reforma-integral-en-Vilassar-de-Mar-300x150.png 300w, https:\/\/www.sifreenergyconstruction.es\/wp-content\/uploads\/2026\/04\/Cuanto-cuesta-una-reforma-integral-en-Vilassar-de-Mar-1024x512.png 1024w, https:\/\/www.sifreenergyconstruction.es\/wp-content\/uploads\/2026\/04\/Cuanto-cuesta-una-reforma-integral-en-Vilassar-de-Mar-768x384.png 768w\" sizes=\"(max-width: 1376px) 100vw, 1376px\" \/><\/div>\n\t\t<\/a>\n\t\t\t\t<div class=\"elementor-post__text\">\n\t\t\t\t<h3 class=\"elementor-post__title\">\n\t\t\t<a href=\"https:\/\/www.sifreenergyconstruction.es\/ca\/quant-costa-una-reforma-integral-a-vilassar-de-mar-el-2026\/\" >\n\t\t\t\tQuant costa una reforma integral a Vilassar de Mar el 2026?\t\t\t<\/a>\n\t\t<\/h3>\n\t\t\t\t<div class=\"elementor-post__meta-data\">\n\t\t\t\t\t<span class=\"elementor-post-date\">\n\t\t\tabril 16, 2026\t\t<\/span>\n\t\t\t\t<\/div>\n\t\t\t\t<\/div>\n\t\t\t\t<\/article>\n\t\t\t\t<article class=\"elementor-post elementor-grid-item post-1253 post type-post status-publish format-standard has-post-thumbnail hentry category-installacio-de-panells-solars category-sense-categoria tag-installacio-de-panells-solars tag-installacio-de-plaques-solars tag-installacions-fotovoltaiques tag-installar-panells-solars tag-installar-plaques-solars tag-sifre-energy-construction\" role=\"listitem\">\n\t\t\t\t<a class=\"elementor-post__thumbnail__link\" href=\"https:\/\/www.sifreenergyconstruction.es\/ca\/quant-puc-estalviar-amb-una-installacio-de-panells-solars-al-meu-habitatge\/\" tabindex=\"-1\" >\n\t\t\t<div class=\"elementor-post__thumbnail\"><img decoding=\"async\" width=\"1536\" height=\"864\" src=\"https:\/\/www.sifreenergyconstruction.es\/wp-content\/uploads\/2026\/03\/Instalacion-de-paneles-solares-por-Sifre-Energy-Construction.jpeg\" class=\"attachment-full size-full wp-image-1254\" alt=\"Instal\u00b7laci\u00f3 de panells solars per Sifre Energy Construction\" srcset=\"https:\/\/www.sifreenergyconstruction.es\/wp-content\/uploads\/2026\/03\/Instalacion-de-paneles-solares-por-Sifre-Energy-Construction.jpeg 1536w, https:\/\/www.sifreenergyconstruction.es\/wp-content\/uploads\/2026\/03\/Instalacion-de-paneles-solares-por-Sifre-Energy-Construction-300x169.jpeg 300w, https:\/\/www.sifreenergyconstruction.es\/wp-content\/uploads\/2026\/03\/Instalacion-de-paneles-solares-por-Sifre-Energy-Construction-1024x576.jpeg 1024w, https:\/\/www.sifreenergyconstruction.es\/wp-content\/uploads\/2026\/03\/Instalacion-de-paneles-solares-por-Sifre-Energy-Construction-768x432.jpeg 768w\" sizes=\"(max-width: 1536px) 100vw, 1536px\" \/><\/div>\n\t\t<\/a>\n\t\t\t\t<div class=\"elementor-post__text\">\n\t\t\t\t<h3 class=\"elementor-post__title\">\n\t\t\t<a href=\"https:\/\/www.sifreenergyconstruction.es\/ca\/quant-puc-estalviar-amb-una-installacio-de-panells-solars-al-meu-habitatge\/\" >\n\t\t\t\tQuant puc estalviar amb una instal\u00b7laci\u00f3 de panells solars al meu habitatge?\t\t\t<\/a>\n\t\t<\/h3>\n\t\t\t\t<div class=\"elementor-post__meta-data\">\n\t\t\t\t\t<span class=\"elementor-post-date\">\n\t\t\tmar\u00e7 13, 2026\t\t<\/span>\n\t\t\t\t<\/div>\n\t\t\t\t<\/div>\n\t\t\t\t<\/article>\n\t\t\t\t<article class=\"elementor-post elementor-grid-item post-824 post type-post status-publish format-standard has-post-thumbnail hentry category-sense-categoria\" role=\"listitem\">\n\t\t\t\t<a class=\"elementor-post__thumbnail__link\" href=\"https:\/\/www.sifreenergyconstruction.es\/ca\/energia-verda-i-confort-total-el-futur-es-fotovoltaic-i-aerotermic\/\" tabindex=\"-1\" >\n\t\t\t<div class=\"elementor-post__thumbnail\"><img decoding=\"async\" width=\"2000\" height=\"1333\" src=\"https:\/\/www.sifreenergyconstruction.es\/wp-content\/uploads\/2025\/10\/man-worker-firld-by-solar-panels.jpg\" class=\"attachment-full size-full wp-image-825\" alt=\"\" srcset=\"https:\/\/www.sifreenergyconstruction.es\/wp-content\/uploads\/2025\/10\/man-worker-firld-by-solar-panels.jpg 2000w, https:\/\/www.sifreenergyconstruction.es\/wp-content\/uploads\/2025\/10\/man-worker-firld-by-solar-panels-300x200.jpg 300w, https:\/\/www.sifreenergyconstruction.es\/wp-content\/uploads\/2025\/10\/man-worker-firld-by-solar-panels-1024x682.jpg 1024w, https:\/\/www.sifreenergyconstruction.es\/wp-content\/uploads\/2025\/10\/man-worker-firld-by-solar-panels-768x512.jpg 768w, https:\/\/www.sifreenergyconstruction.es\/wp-content\/uploads\/2025\/10\/man-worker-firld-by-solar-panels-1536x1024.jpg 1536w\" sizes=\"(max-width: 2000px) 100vw, 2000px\" \/><\/div>\n\t\t<\/a>\n\t\t\t\t<div class=\"elementor-post__text\">\n\t\t\t\t<h3 class=\"elementor-post__title\">\n\t\t\t<a href=\"https:\/\/www.sifreenergyconstruction.es\/ca\/energia-verda-i-confort-total-el-futur-es-fotovoltaic-i-aerotermic\/\" >\n\t\t\t\tEnergia verda i confort total: el futur \u00e9s fotovoltaic i aerot\u00e8rmic\t\t\t<\/a>\n\t\t<\/h3>\n\t\t\t\t<div class=\"elementor-post__meta-data\">\n\t\t\t\t\t<span class=\"elementor-post-date\">\n\t\t\toctubre 27, 2025\t\t<\/span>\n\t\t\t\t<\/div>\n\t\t\t\t<\/div>\n\t\t\t\t<\/article>\n\t\t\t\t<article class=\"elementor-post elementor-grid-item post-827 post type-post status-publish format-standard has-post-thumbnail hentry category-sense-categoria\" role=\"listitem\">\n\t\t\t\t<a class=\"elementor-post__thumbnail__link\" href=\"https:\/\/www.sifreenergyconstruction.es\/ca\/assessoria-energetica-estalvia-a-la-teva-factura-i-guanya-en-confort\/\" tabindex=\"-1\" >\n\t\t\t<div class=\"elementor-post__thumbnail\"><img loading=\"lazy\" decoding=\"async\" width=\"2000\" height=\"1333\" src=\"https:\/\/www.sifreenergyconstruction.es\/wp-content\/uploads\/2025\/10\/house-energy-audit.jpg\" class=\"attachment-full size-full wp-image-828\" alt=\"\" srcset=\"https:\/\/www.sifreenergyconstruction.es\/wp-content\/uploads\/2025\/10\/house-energy-audit.jpg 2000w, https:\/\/www.sifreenergyconstruction.es\/wp-content\/uploads\/2025\/10\/house-energy-audit-300x200.jpg 300w, https:\/\/www.sifreenergyconstruction.es\/wp-content\/uploads\/2025\/10\/house-energy-audit-1024x682.jpg 1024w, https:\/\/www.sifreenergyconstruction.es\/wp-content\/uploads\/2025\/10\/house-energy-audit-768x512.jpg 768w, https:\/\/www.sifreenergyconstruction.es\/wp-content\/uploads\/2025\/10\/house-energy-audit-1536x1024.jpg 1536w\" sizes=\"(max-width: 2000px) 100vw, 2000px\" \/><\/div>\n\t\t<\/a>\n\t\t\t\t<div class=\"elementor-post__text\">\n\t\t\t\t<h3 class=\"elementor-post__title\">\n\t\t\t<a href=\"https:\/\/www.sifreenergyconstruction.es\/ca\/assessoria-energetica-estalvia-a-la-teva-factura-i-guanya-en-confort\/\" >\n\t\t\t\tAssessoria energ\u00e8tica: estalvia a la teva factura i guanya en confort\t\t\t<\/a>\n\t\t<\/h3>\n\t\t\t\t<div class=\"elementor-post__meta-data\">\n\t\t\t\t\t<span class=\"elementor-post-date\">\n\t\t\toctubre 27, 2025\t\t<\/span>\n\t\t\t\t<\/div>\n\t\t\t\t<\/div>\n\t\t\t\t<\/article>\n\t\t\t\t<\/div>\n\t\t\n\t\t\t\t<div class=\"e-load-more-anchor\" data-page=\"1\" data-max-page=\"2\" data-next-page=\"https:\/\/www.sifreenergyconstruction.es\/ca\/wp-json\/wp\/v2\/pages\/862\/page\/2\/\"><\/div>\n\t\t\t\t<nav class=\"elementor-pagination\" aria-label=\"Paginaci\u00f3\">\n\t\t\t<span class=\"page-numbers prev\">\u00ab Anterior<\/span>\n<a class=\"page-numbers next\" href=\"https:\/\/www.sifreenergyconstruction.es\/ca\/wp-json\/wp\/v2\/pages\/862\/page\/2\/\">Seg\u00fcent \u00bb<\/a>\t\t<\/nav>\n\t\t\t\t\t\t<\/div>\n\t\t\t\t<\/div>\n\t\t\t\t\t<\/div>\n\t\t\t\t<\/div>\n\t\t\t\t<\/div>\n\t\t","protected":false},"excerpt":{"rendered":"<p>Blog<\/p>\n","protected":false},"author":2,"featured_media":0,"parent":0,"menu_order":0,"comment_status":"closed","ping_status":"closed","template":"elementor_header_footer","meta":{"footnotes":""},"class_list":["post-862","page","type-page","status-publish","hentry"],"yoast_head":"<!-- This site is optimized with the Yoast SEO Premium plugin v22.9 (Yoast SEO v27.6) - https:\/\/yoast.com\/product\/yoast-seo-premium-wordpress\/ -->\n<title>Blog Consells sobre construcci\u00f3, reformes i energies renovables<\/title>\n<meta name=\"description\" content=\"Llegeix el bloc de Sifre Energy Construction. Idees, consells i tend\u00e8ncies sobre construcci\u00f3, efici\u00e8ncia energ\u00e8tica i manteniment sostenible.\" \/>\n<meta name=\"robots\" content=\"index, follow, max-snippet:-1, max-image-preview:large, max-video-preview:-1\" \/>\n<link rel=\"canonical\" href=\"https:\/\/www.sifreenergyconstruction.es\/ca\/blog\/\" \/>\n<meta property=\"og:locale\" content=\"ca_ES\" \/>\n<meta property=\"og:type\" content=\"article\" \/>\n<meta property=\"og:title\" content=\"Blog\" \/>\n<meta property=\"og:description\" content=\"Llegeix el bloc de Sifre Energy Construction. Idees, consells i tend\u00e8ncies sobre construcci\u00f3, efici\u00e8ncia energ\u00e8tica i manteniment sostenible.\" \/>\n<meta property=\"og:url\" content=\"https:\/\/www.sifreenergyconstruction.es\/ca\/blog\/\" \/>\n<meta property=\"og:site_name\" content=\"Sifre Energy Construction\" \/>\n<meta property=\"article:modified_time\" content=\"2026-02-19T11:32:02+00:00\" \/>\n<meta property=\"og:image\" content=\"https:\/\/www.sifreenergyconstruction.es\/wp-content\/uploads\/2025\/10\/cropped-favicon.png\" \/>\n\t<meta property=\"og:image:width\" content=\"512\" \/>\n\t<meta property=\"og:image:height\" content=\"512\" \/>\n\t<meta property=\"og:image:type\" content=\"image\/png\" \/>\n<meta name=\"twitter:card\" content=\"summary_large_image\" \/>\n<script type=\"application\/ld+json\" class=\"yoast-schema-graph\">{\"@context\":\"https:\\\/\\\/schema.org\",\"@graph\":[{\"@type\":\"WebPage\",\"@id\":\"https:\\\/\\\/www.sifreenergyconstruction.es\\\/ca\\\/blog\\\/\",\"url\":\"https:\\\/\\\/www.sifreenergyconstruction.es\\\/ca\\\/blog\\\/\",\"name\":\"Blog Consells sobre construcci\u00f3, reformes i energies renovables\",\"isPartOf\":{\"@id\":\"https:\\\/\\\/www.sifreenergyconstruction.es\\\/ca\\\/#website\"},\"datePublished\":\"2025-10-27T09:26:05+00:00\",\"dateModified\":\"2026-02-19T11:32:02+00:00\",\"description\":\"Llegeix el bloc de Sifre Energy Construction. Idees, consells i tend\u00e8ncies sobre construcci\u00f3, efici\u00e8ncia energ\u00e8tica i manteniment sostenible.\",\"breadcrumb\":{\"@id\":\"https:\\\/\\\/www.sifreenergyconstruction.es\\\/ca\\\/blog\\\/#breadcrumb\"},\"inLanguage\":\"ca\",\"potentialAction\":[{\"@type\":\"ReadAction\",\"target\":[\"https:\\\/\\\/www.sifreenergyconstruction.es\\\/ca\\\/blog\\\/\"]}]},{\"@type\":\"BreadcrumbList\",\"@id\":\"https:\\\/\\\/www.sifreenergyconstruction.es\\\/ca\\\/blog\\\/#breadcrumb\",\"itemListElement\":[{\"@type\":\"ListItem\",\"position\":1,\"name\":\"Portada\",\"item\":\"https:\\\/\\\/www.sifreenergyconstruction.es\\\/ca\\\/inici\\\/\"},{\"@type\":\"ListItem\",\"position\":2,\"name\":\"Blog\"}]},{\"@type\":\"WebSite\",\"@id\":\"https:\\\/\\\/www.sifreenergyconstruction.es\\\/ca\\\/#website\",\"url\":\"https:\\\/\\\/www.sifreenergyconstruction.es\\\/ca\\\/\",\"name\":\"Sifre Energy Construction\",\"description\":\"\",\"publisher\":{\"@id\":\"https:\\\/\\\/www.sifreenergyconstruction.es\\\/ca\\\/#organization\"},\"potentialAction\":[{\"@type\":\"SearchAction\",\"target\":{\"@type\":\"EntryPoint\",\"urlTemplate\":\"https:\\\/\\\/www.sifreenergyconstruction.es\\\/ca\\\/?s={search_term_string}\"},\"query-input\":{\"@type\":\"PropertyValueSpecification\",\"valueRequired\":true,\"valueName\":\"search_term_string\"}}],\"inLanguage\":\"ca\"},{\"@type\":\"Organization\",\"@id\":\"https:\\\/\\\/www.sifreenergyconstruction.es\\\/ca\\\/#organization\",\"name\":\"Sifre Energy Construction\",\"url\":\"https:\\\/\\\/www.sifreenergyconstruction.es\\\/ca\\\/\",\"logo\":{\"@type\":\"ImageObject\",\"inLanguage\":\"ca\",\"@id\":\"https:\\\/\\\/www.sifreenergyconstruction.es\\\/ca\\\/#\\\/schema\\\/logo\\\/image\\\/\",\"url\":\"https:\\\/\\\/www.sifreenergyconstruction.es\\\/wp-content\\\/uploads\\\/2025\\\/10\\\/cropped-favicon.png\",\"contentUrl\":\"https:\\\/\\\/www.sifreenergyconstruction.es\\\/wp-content\\\/uploads\\\/2025\\\/10\\\/cropped-favicon.png\",\"width\":512,\"height\":512,\"caption\":\"Sifre Energy Construction\"},\"image\":{\"@id\":\"https:\\\/\\\/www.sifreenergyconstruction.es\\\/ca\\\/#\\\/schema\\\/logo\\\/image\\\/\"}}]}<\/script>\n<!-- \/ Yoast SEO Premium plugin. -->","yoast_head_json":{"title":"Blog Consells sobre construcci\u00f3, reformes i energies renovables","description":"Llegeix el bloc de Sifre Energy Construction. Idees, consells i tend\u00e8ncies sobre construcci\u00f3, efici\u00e8ncia energ\u00e8tica i manteniment sostenible.","robots":{"index":"index","follow":"follow","max-snippet":"max-snippet:-1","max-image-preview":"max-image-preview:large","max-video-preview":"max-video-preview:-1"},"canonical":"https:\/\/www.sifreenergyconstruction.es\/ca\/blog\/","og_locale":"ca_ES","og_type":"article","og_title":"Blog","og_description":"Llegeix el bloc de Sifre Energy Construction. Idees, consells i tend\u00e8ncies sobre construcci\u00f3, efici\u00e8ncia energ\u00e8tica i manteniment sostenible.","og_url":"https:\/\/www.sifreenergyconstruction.es\/ca\/blog\/","og_site_name":"Sifre Energy Construction","article_modified_time":"2026-02-19T11:32:02+00:00","og_image":[{"width":512,"height":512,"url":"https:\/\/www.sifreenergyconstruction.es\/wp-content\/uploads\/2025\/10\/cropped-favicon.png","type":"image\/png"}],"twitter_card":"summary_large_image","schema":{"@context":"https:\/\/schema.org","@graph":[{"@type":"WebPage","@id":"https:\/\/www.sifreenergyconstruction.es\/ca\/blog\/","url":"https:\/\/www.sifreenergyconstruction.es\/ca\/blog\/","name":"Blog Consells sobre construcci\u00f3, reformes i energies renovables","isPartOf":{"@id":"https:\/\/www.sifreenergyconstruction.es\/ca\/#website"},"datePublished":"2025-10-27T09:26:05+00:00","dateModified":"2026-02-19T11:32:02+00:00","description":"Llegeix el bloc de Sifre Energy Construction. Idees, consells i tend\u00e8ncies sobre construcci\u00f3, efici\u00e8ncia energ\u00e8tica i manteniment sostenible.","breadcrumb":{"@id":"https:\/\/www.sifreenergyconstruction.es\/ca\/blog\/#breadcrumb"},"inLanguage":"ca","potentialAction":[{"@type":"ReadAction","target":["https:\/\/www.sifreenergyconstruction.es\/ca\/blog\/"]}]},{"@type":"BreadcrumbList","@id":"https:\/\/www.sifreenergyconstruction.es\/ca\/blog\/#breadcrumb","itemListElement":[{"@type":"ListItem","position":1,"name":"Portada","item":"https:\/\/www.sifreenergyconstruction.es\/ca\/inici\/"},{"@type":"ListItem","position":2,"name":"Blog"}]},{"@type":"WebSite","@id":"https:\/\/www.sifreenergyconstruction.es\/ca\/#website","url":"https:\/\/www.sifreenergyconstruction.es\/ca\/","name":"Sifre Energy Construction","description":"","publisher":{"@id":"https:\/\/www.sifreenergyconstruction.es\/ca\/#organization"},"potentialAction":[{"@type":"SearchAction","target":{"@type":"EntryPoint","urlTemplate":"https:\/\/www.sifreenergyconstruction.es\/ca\/?s={search_term_string}"},"query-input":{"@type":"PropertyValueSpecification","valueRequired":true,"valueName":"search_term_string"}}],"inLanguage":"ca"},{"@type":"Organization","@id":"https:\/\/www.sifreenergyconstruction.es\/ca\/#organization","name":"Sifre Energy Construction","url":"https:\/\/www.sifreenergyconstruction.es\/ca\/","logo":{"@type":"ImageObject","inLanguage":"ca","@id":"https:\/\/www.sifreenergyconstruction.es\/ca\/#\/schema\/logo\/image\/","url":"https:\/\/www.sifreenergyconstruction.es\/wp-content\/uploads\/2025\/10\/cropped-favicon.png","contentUrl":"https:\/\/www.sifreenergyconstruction.es\/wp-content\/uploads\/2025\/10\/cropped-favicon.png","width":512,"height":512,"caption":"Sifre Energy Construction"},"image":{"@id":"https:\/\/www.sifreenergyconstruction.es\/ca\/#\/schema\/logo\/image\/"}}]}},"_links":{"self":[{"href":"https:\/\/www.sifreenergyconstruction.es\/ca\/wp-json\/wp\/v2\/pages\/862","targetHints":{"allow":["GET"]}}],"collection":[{"href":"https:\/\/www.sifreenergyconstruction.es\/ca\/wp-json\/wp\/v2\/pages"}],"about":[{"href":"https:\/\/www.sifreenergyconstruction.es\/ca\/wp-json\/wp\/v2\/types\/page"}],"author":[{"embeddable":true,"href":"https:\/\/www.sifreenergyconstruction.es\/ca\/wp-json\/wp\/v2\/users\/2"}],"replies":[{"embeddable":true,"href":"https:\/\/www.sifreenergyconstruction.es\/ca\/wp-json\/wp\/v2\/comments?post=862"}],"version-history":[{"count":1,"href":"https:\/\/www.sifreenergyconstruction.es\/ca\/wp-json\/wp\/v2\/pages\/862\/revisions"}],"predecessor-version":[{"id":865,"href":"https:\/\/www.sifreenergyconstruction.es\/ca\/wp-json\/wp\/v2\/pages\/862\/revisions\/865"}],"wp:attachment":[{"href":"https:\/\/www.sifreenergyconstruction.es\/ca\/wp-json\/wp\/v2\/media?parent=862"}],"curies":[{"name":"wp","href":"https:\/\/api.w.org\/{rel}","templated":true}]}}