{"id":868,"date":"2025-10-27T10:06:12","date_gmt":"2025-10-27T10:06:12","guid":{"rendered":"https:\/\/www.sifreenergyconstruction.es\/avis-legal\/"},"modified":"2025-11-27T17:46:20","modified_gmt":"2025-11-27T17:46:20","slug":"avis-legal","status":"publish","type":"page","link":"https:\/\/www.sifreenergyconstruction.es\/ca\/avis-legal\/","title":{"rendered":"Av\u00eds legal"},"content":{"rendered":"\t\t<div data-elementor-type=\"wp-page\" data-elementor-id=\"868\" class=\"elementor elementor-868 elementor-179\" data-elementor-post-type=\"page\">\n\t\t\t\t<div class=\"elementor-element elementor-element-6cd0c42 e-flex e-con-boxed e-con e-parent\" data-id=\"6cd0c42\" data-element_type=\"container\" data-e-type=\"container\" data-settings=\"{&quot;background_background&quot;:&quot;classic&quot;}\">\n\t\t\t\t\t<div class=\"e-con-inner\">\n\t\t\t\t<div class=\"elementor-element elementor-element-b51d9d8 elementor-invisible elementor-widget elementor-widget-heading\" data-id=\"b51d9d8\" data-element_type=\"widget\" data-e-type=\"widget\" data-settings=\"{&quot;_animation&quot;:&quot;fadeInUp&quot;}\" data-widget_type=\"heading.default\">\n\t\t\t\t\t<h1 class=\"elementor-heading-title elementor-size-default\">Av\u00eds legal<\/h1>\t\t\t\t<\/div>\n\t\t\t\t\t<\/div>\n\t\t\t\t<\/div>\n\t\t<div class=\"elementor-element elementor-element-adc8ff0 e-flex e-con-boxed e-con e-parent\" data-id=\"adc8ff0\" data-element_type=\"container\" data-e-type=\"container\">\n\t\t\t\t\t<div class=\"e-con-inner\">\n\t\t\t\t<div class=\"elementor-element elementor-element-110f24f elementor-invisible elementor-widget elementor-widget-text-editor\" data-id=\"110f24f\" data-element_type=\"widget\" data-e-type=\"widget\" data-settings=\"{&quot;_animation&quot;:&quot;fadeInUp&quot;,&quot;_animation_delay&quot;:150}\" data-widget_type=\"text-editor.default\">\n\t\t\t\t\t\t\t\t\t<p>Actualitzat: nov.-25<\/p><p>En compliment amb el deure informaci\u00f3 recollit a l&#8217;article 10 de la Llei 34\/2002, d&#8217;11 de juliol, de Serveis de la Societat de la Informaci\u00f3 i del Comer\u00e7 Electr\u00f2nic, us informem que el Lloc Web <a href=\"https:\/\/www.sifreenergyconstruction.es\/ca\/\">https:\/\/www.sifreenergyconstruction.es\/<\/a> (d&#8217;ara endavant, el lloc &#8220;Web&#8221;) \u00e9s titularitat de SIFRE ENERGY domicili social al C\/Marina, 3 &#8211; 1r 2a &#8211; 08340 &#8211; Vilassar de Mar (Barcelona), amb CIF: B23973381.  <\/p><p>Inscrita al Registre Mercantil de Barcelona: S 8, HB 643604, I\/A 1.<\/p><p><strong>Comunicacions<\/strong><\/p><p>Tel\u00e8fon: +34 618.813.016<\/p><p>e-mail: <a href=\"mailto:info@sifreenergyconstruction.es\">info@sifreenergyconstruction.es<\/a>  <\/p><p>Aquest av\u00eds legal regula les condicions d\u00fas del portal desmentat dInternet.<\/p><p><strong>Llei aplicable i jurisdicci\u00f3<\/strong><\/p><p>Amb car\u00e0cter general les relacions entre SIFRE ENERGY i els usuaris dels seus serveis telem\u00e0tics, presents al lloc web, estan sotmeses a la legislaci\u00f3 i jurisdicci\u00f3 espanyoles.<\/p><p>Les parts renuncien expressament al fur que els pogu\u00e9s correspondre i sotmeten expressament als Jutjats i Tribunals de Matar\u00f3 (Barcelona) per resoldre qualsevol controv\u00e8rsia que pugui sorgir en la interpretaci\u00f3 o execuci\u00f3 de les presents condicions contractuals.<\/p><p><strong>Acceptaci\u00f3 de lusuari<\/strong><\/p><p>Aquest Av\u00eds Legal regula l&#8217;acc\u00e9s i la utilitzaci\u00f3 del lloc web que SIFRE ENERGY posa a la disposici\u00f3 dels usuaris d&#8217;Internet. Es considera usuari la persona que accedeixi, navegui, utilitzi o participi als serveis i activitats del lloc web. <\/p><p>L&#8217;usuari queda informat, i accepta, que l&#8217;acc\u00e9s al present lloc web no suposa, de cap manera, l&#8217;inici d&#8217;una relaci\u00f3 comercial amb SIFRE ENERGY<\/p><p>L&#8217;acc\u00e9s i navegaci\u00f3 al lloc web per part de l&#8217;usuari suposa l&#8217;acceptaci\u00f3 de la totalitat de les presents Condicions d&#8217;\u00das. En cas de desacord amb les condicions cal abstenir-se a utilitzar el lloc web. <\/p><p><strong>Acc\u00e9s al lloc web<\/strong><\/p><p>L&#8217;acc\u00e9s al lloc web per part dels usuaris \u00e9s de car\u00e0cter lliure i gratu\u00eft. Alguns serveis es poden trobar subjectes a contractaci\u00f3 pr\u00e8via del servei. <\/p><p>Si \u00e9s necessari que l&#8217;usuari aporti dades personals per accedir a algun dels serveis, la recollida i el tractament de les dades es realitzar\u00e0 de conformitat amb la normativa vigent, en concret amb el RGPD. Per a m\u00e9s informaci\u00f3, consulteu la nostra pol\u00edtica de privadesa <u>https:\/\/www.sifreenergyconstruction.es\/<\/u> <u>politica-de-privacidad\/<\/u> <\/p><p><strong>Contingut i \u00fas<\/strong><\/p><p>La visita al lloc web per part de l&#8217;usuari haur\u00e0 de fer-se de forma responsable i de conformitat amb la legalitat vigent, la bona fe, aquest Av\u00eds Legal i respectant els drets de propietat intel\u00b7lectual i industrial de titularitat de SIFRE ENERGY o qualsevol altra persona f\u00edsica o jur\u00eddica.<\/p><p>L&#8217;\u00fas de qualsevol dels continguts del lloc web amb finalitats que siguin o poguessin ser il\u00b7l\u00edcites queda totalment prohibit, aix\u00ed com la realitzaci\u00f3 de qualsevol acci\u00f3 que causi o pugui causar danys o alteracions de qualsevol mena no consentides per SIFRE ENERGY al lloc web o als seus continguts.<\/p><p>El titular del lloc web no s&#8217;identifica amb les opinions abocades al mateix pels seus col\u00b7laboradors. L&#8217;empresa es reserva el dret d&#8217;efectuar sense previ av\u00eds les modificacions que consideri oportunes al seu lloc web, podent canviar, suprimir o afegir tant els continguts i serveis que es prestin a trav\u00e9s d&#8217;aquesta com la forma en qu\u00e8 aquests apareguin presentats o localitzats als seus servidors. <\/p><p>Queda terminantment prohibit l&#8217;\u00fas de qualsevol dels continguts del lloc web amb finalitats il\u00b7l\u00edcites, aix\u00ed com la realitzaci\u00f3 de qualsevol acci\u00f3 que causi o pugui causar danys o alteracions de qualsevol tipus no consentits per SIFRE ENERGY, al lloc web o als seus continguts.<\/p><p><strong>Propietat intel\u00b7lectual i industrial<\/strong><\/p><p>Els drets de propietat intel\u00b7lectual del contingut de les p\u00e0gines web, el seu disseny gr\u00e0fic i codis s\u00f3n titularitat de SIFRE ENERGY i, per tant, queda prohibida la seva reproducci\u00f3, distribuci\u00f3, comunicaci\u00f3 p\u00fablica, transformaci\u00f3 o qualsevol altra activitat que es realitzi amb els continguts del lloc web, ni tan sols, encara que se&#8217;n citin les fonts, llevat que es compti amb el consentiment previ, expr\u00e9s i expres. Tots els noms comercials, marques o signes diferents de qualsevol classe continguts a les p\u00e0gines web de l&#8217;empresa s\u00f3n propietat dels amos i estan protegits per llei. <\/p><p>SIFRE ENERGY no concedeix cap llic\u00e8ncia o autoritzaci\u00f3 d&#8217;\u00fas de cap mena sobre els seus drets de propietat intel\u00b7lectual i industrial o sobre qualsevol altra propietat o dret relacionat amb el lloc web, i en cap cas no s&#8217;entendr\u00e0 que l&#8217;acc\u00e9s i la navegaci\u00f3 dels usuaris implica una ren\u00fancia, transmissi\u00f3, llic\u00e8ncia o cessi\u00f3 total ni parcial d&#8217;aquests drets per part de SIFRE ENERGY.<\/p><p>Qualsevol \u00fas d\u201faquests continguts no autoritzat pr\u00e8viament per part de SIFRE ENERGY ser\u00e0 considerat un incompliment greu dels drets de propietat intel\u00b7lectual o industrial i donar\u00e0 lloc a les responsabilitats legalment establertes. SIFRE ENERGY es reserva el dret d&#8217;exercitar davant de l&#8217;usuari les accions judicials i extrajudicials que corresponguin. <\/p><p><strong>Responsabilitat i garanties<\/strong><\/p><p>SIFRE ENERGY declara que ha adoptat les mesures necess\u00e0ries que, dins de les seves possibilitats i l&#8217;estat de la tecnologia, permetin el funcionament correcte del seu lloc web, aix\u00ed com l&#8217;abs\u00e8ncia de virus i components perjudicials. No obstant aix\u00f2, SIFRE ENERGY no es pot fer responsable de les situacions seg\u00fcents que s&#8217;enumeren a t\u00edtol enunciatiu, per\u00f2 no limitatiu: <\/p><ul><li>La continu\u00eftat i disponibilitat dels continguts.<\/li><li>L&#8217;abs\u00e8ncia d&#8217;errors en aquests continguts ni la correcci\u00f3 de qualsevol defecte que pugui oc\u00f3rrer.<\/li><li>L&#8217;abs\u00e8ncia de virus i\/o altres components nocius.<\/li><li>Els danys o perjudicis que causi qualsevol persona que vulneri els sistemes de seguretat de SIFRE ENERGY.<\/li><li>L&#8217;\u00fas que els usuaris puguin fer dels continguts inclosos al web. En conseq\u00fc\u00e8ncia, SIFRE ENERGY no garanteix que l&#8217;\u00fas que els usuaris puguin fer dels continguts que s&#8217;incloguin al lloc web, s&#8217;ajustin al present av\u00eds legal, ni que l&#8217;\u00fas del lloc web es faci de forma diligent. <\/li><li>L&#8217;\u00fas per menors d&#8217;edat del lloc web o de l&#8217;enviament de les vostres dades personals sense el perm\u00eds dels vostres tutors, sent els tutors responsables de l&#8217;\u00fas que facin d&#8217;Internet. Els continguts als quals lusuari pugui accedir a trav\u00e9s denlla\u00e7os no autoritzats o introdu\u00efts per usuaris mitjan\u00e7ant comentaris o eines similars. <\/li><li>La introducci\u00f3 de dades err\u00f2nies per part de lusuari o dun tercer.<\/li><\/ul><p>SIFRE ENERGY podr\u00e0 suspendre temporalment i sense av\u00eds previ, l&#8217;accessibilitat al lloc web amb motiu d&#8217;operacions de manteniment, reparaci\u00f3, actualitzaci\u00f3 o millora. Aix\u00f2 no obstant, sempre que les circumst\u00e0ncies ho permetin, SIFRE ENERGY comunicar\u00e0 a l&#8217;usuari, amb antelaci\u00f3 suficient, la data prevista per a la suspensi\u00f3 dels continguts. <\/p><p>Aix\u00ed mateix, de conformitat amb els arts. 11 i 16 de la Llei 34\/2002, de 11 de juliol, de serveis de la societat de la informaci\u00f3 i de comer\u00e7 electr\u00f2nic (LSSICE), SIFRE ENERGY es compromet a l&#8217;eliminaci\u00f3 o, si escau, bloqueig dels continguts que poguessin afectar o ser contraris a la legislaci\u00f3 vigent, els drets de tercers o la moral i ordre p\u00fablic. <\/p><p><strong>Cookies<\/strong><\/p><p>SIFRE ENERGY utilitza cookies, per optimitzar i personalitzar la vostra navegaci\u00f3 pel lloc web. Les galetes s\u00f3n fitxers f\u00edsics d&#8217;informaci\u00f3 que s&#8217;allotgen al mateix terminal de l&#8217;usuari, la informaci\u00f3 recollida mitjan\u00e7ant les galetes serveix per facilitar la navegaci\u00f3 de l&#8217;usuari pel portal i optimitzar l&#8217;experi\u00e8ncia de navegaci\u00f3. Les dades recopilades mitjan\u00e7ant les cookies poden ser compartides amb els seus creadors, per\u00f2 en cap cas la informaci\u00f3 obtinguda per aquestes no ser\u00e0 associada a dades personals ni a dades que puguin identificar l&#8217;usuari.  <\/p><p>No obstant aix\u00f2, si l&#8217;usuari no desitja que s&#8217;instal\u00b7lin cookies al vostre disc dur, teniu la possibilitat de configurar el navegador de manera que impedeixi la instal\u00b7laci\u00f3 d&#8217;aquests fitxers. Per obtenir m\u00e9s informaci\u00f3 consulteu la nostra Pol\u00edtica de Cookies <a href=\"https:\/\/www.sifreenergyconstruction.es\/ca\/politica-de-cookies\/\">https:\/\/www.sifreenergyconstruction.es\/politica-de-cookies\/<\/a> <\/p><p><strong>Enlla\u00e7os (links)<\/strong><\/p><p>La pres\u00e8ncia denlla\u00e7os (links) al lloc web de SIFRE ENERGY cap a altres llocs dInternet t\u00e9 finalitat merament informativa i en cap cas suposen suggeriment, invitaci\u00f3 o recomanaci\u00f3 sobre aquests. SIFRE ENERGY no assumir\u00e0 responsabilitat pels continguts d&#8217;un enlla\u00e7 pertanyent a un lloc web ali\u00e8, ni garantir\u00e0 la fiabilitat, exactitud, amplitud, veracitat, validesa i disponibilitat t\u00e8cnica. <\/p><p>En cas que en altres llocs web s&#8217;estableixin enlla\u00e7os al lloc web de SIFRE ENERGY, no s&#8217;entendr\u00e0 que SIFRE ENERGY ha autoritzat l&#8217;enlla\u00e7 o el contingut del lloc web on es cont\u00e9 l&#8217;enlla\u00e7, tampoc no es poden incloure al lloc de l&#8217;enlla\u00e7 continguts inapropiats, difamatoris, il\u00b7legals, obscens o il\u00b7l\u00edcits, ni altres continguts que siguin.<\/p><p>SIFRE ENERGY es reserva la possibilitat de contactar amb el propietari del lloc web on s&#8217;estableixi l&#8217;enlla\u00e7 si considera que s&#8217;incompleix la normativa, aix\u00ed com d&#8217;exercitar les accions judicials i extrajudicials corresponents.<\/p><p><strong>Modificaci\u00f3 de les condicions<\/strong><\/p><p>SIFRE ENERGY es reserva expressament el dret a modificar unilateralment, totalment o parcialment, sense necessitat de previ av\u00eds, aquest Av\u00eds Legal. L&#8217;usuari reconeix i accepta que \u00e9s responsabilitat revisar-lo peri\u00f2dicament. <\/p>\t\t\t\t\t\t\t\t<\/div>\n\t\t\t\t\t<\/div>\n\t\t\t\t<\/div>\n\t\t\t\t<\/div>\n\t\t","protected":false},"excerpt":{"rendered":"<p>Av\u00eds legal Actualitzat: nov.-25 En compliment amb el deure informaci\u00f3 recollit a l&#8217;article 10 de la Llei 34\/2002, d&#8217;11 de juliol, de Serveis de la Societat de la Informaci\u00f3 i del Comer\u00e7 Electr\u00f2nic, us informem que el Lloc Web https:\/\/www.sifreenergyconstruction.es\/ (d&#8217;ara endavant, el lloc &#8220;Web&#8221;) \u00e9s titularitat de SIFRE ENERGY domicili social al C\/Marina, 3 [&hellip;]<\/p>\n","protected":false},"author":2,"featured_media":0,"parent":0,"menu_order":0,"comment_status":"closed","ping_status":"closed","template":"elementor_header_footer","meta":{"footnotes":""},"class_list":["post-868","page","type-page","status-publish","hentry"],"yoast_head":"<!-- This site is optimized with the Yoast SEO Premium plugin v22.9 (Yoast SEO v27.6) - https:\/\/yoast.com\/product\/yoast-seo-premium-wordpress\/ -->\n<title>Av\u00eds legal<\/title>\n<meta name=\"robots\" content=\"index, follow, max-snippet:-1, max-image-preview:large, max-video-preview:-1\" \/>\n<link rel=\"canonical\" href=\"https:\/\/www.sifreenergyconstruction.es\/ca\/avis-legal\/\" \/>\n<meta property=\"og:locale\" content=\"ca_ES\" \/>\n<meta property=\"og:type\" content=\"article\" \/>\n<meta property=\"og:title\" content=\"Av\u00eds legal\" \/>\n<meta property=\"og:description\" content=\"Av\u00eds legal Actualitzat: nov.-25 En compliment amb el deure informaci\u00f3 recollit a l&#8217;article 10 de la Llei 34\/2002, d&#8217;11 de juliol, de Serveis de la Societat de la Informaci\u00f3 i del Comer\u00e7 Electr\u00f2nic, us informem que el Lloc Web https:\/\/www.sifreenergyconstruction.es\/ (d&#8217;ara endavant, el lloc &#8220;Web&#8221;) \u00e9s titularitat de SIFRE ENERGY domicili social al C\/Marina, 3 [&hellip;]\" \/>\n<meta property=\"og:url\" content=\"https:\/\/www.sifreenergyconstruction.es\/ca\/avis-legal\/\" \/>\n<meta property=\"og:site_name\" content=\"Sifre Energy Construction\" \/>\n<meta property=\"article:modified_time\" content=\"2025-11-27T17:46:20+00:00\" \/>\n<meta property=\"og:image\" content=\"https:\/\/www.sifreenergyconstruction.es\/wp-content\/uploads\/2025\/10\/cropped-favicon.png\" \/>\n\t<meta property=\"og:image:width\" content=\"512\" \/>\n\t<meta property=\"og:image:height\" content=\"512\" \/>\n\t<meta property=\"og:image:type\" content=\"image\/png\" \/>\n<meta name=\"twitter:card\" content=\"summary_large_image\" \/>\n<meta name=\"twitter:label1\" content=\"Temps estimat de lectura\" \/>\n\t<meta name=\"twitter:data1\" content=\"7 minuts\" \/>\n<script type=\"application\/ld+json\" class=\"yoast-schema-graph\">{\"@context\":\"https:\\\/\\\/schema.org\",\"@graph\":[{\"@type\":\"WebPage\",\"@id\":\"https:\\\/\\\/www.sifreenergyconstruction.es\\\/ca\\\/avis-legal\\\/\",\"url\":\"https:\\\/\\\/www.sifreenergyconstruction.es\\\/ca\\\/avis-legal\\\/\",\"name\":\"Av\u00eds legal\",\"isPartOf\":{\"@id\":\"https:\\\/\\\/www.sifreenergyconstruction.es\\\/ca\\\/#website\"},\"datePublished\":\"2025-10-27T10:06:12+00:00\",\"dateModified\":\"2025-11-27T17:46:20+00:00\",\"breadcrumb\":{\"@id\":\"https:\\\/\\\/www.sifreenergyconstruction.es\\\/ca\\\/avis-legal\\\/#breadcrumb\"},\"inLanguage\":\"ca\",\"potentialAction\":[{\"@type\":\"ReadAction\",\"target\":[\"https:\\\/\\\/www.sifreenergyconstruction.es\\\/ca\\\/avis-legal\\\/\"]}]},{\"@type\":\"BreadcrumbList\",\"@id\":\"https:\\\/\\\/www.sifreenergyconstruction.es\\\/ca\\\/avis-legal\\\/#breadcrumb\",\"itemListElement\":[{\"@type\":\"ListItem\",\"position\":1,\"name\":\"Portada\",\"item\":\"https:\\\/\\\/www.sifreenergyconstruction.es\\\/ca\\\/inici\\\/\"},{\"@type\":\"ListItem\",\"position\":2,\"name\":\"Av\u00eds legal\"}]},{\"@type\":\"WebSite\",\"@id\":\"https:\\\/\\\/www.sifreenergyconstruction.es\\\/ca\\\/#website\",\"url\":\"https:\\\/\\\/www.sifreenergyconstruction.es\\\/ca\\\/\",\"name\":\"Sifre Energy Construction\",\"description\":\"\",\"publisher\":{\"@id\":\"https:\\\/\\\/www.sifreenergyconstruction.es\\\/ca\\\/#organization\"},\"potentialAction\":[{\"@type\":\"SearchAction\",\"target\":{\"@type\":\"EntryPoint\",\"urlTemplate\":\"https:\\\/\\\/www.sifreenergyconstruction.es\\\/ca\\\/?s={search_term_string}\"},\"query-input\":{\"@type\":\"PropertyValueSpecification\",\"valueRequired\":true,\"valueName\":\"search_term_string\"}}],\"inLanguage\":\"ca\"},{\"@type\":\"Organization\",\"@id\":\"https:\\\/\\\/www.sifreenergyconstruction.es\\\/ca\\\/#organization\",\"name\":\"Sifre Energy Construction\",\"url\":\"https:\\\/\\\/www.sifreenergyconstruction.es\\\/ca\\\/\",\"logo\":{\"@type\":\"ImageObject\",\"inLanguage\":\"ca\",\"@id\":\"https:\\\/\\\/www.sifreenergyconstruction.es\\\/ca\\\/#\\\/schema\\\/logo\\\/image\\\/\",\"url\":\"https:\\\/\\\/www.sifreenergyconstruction.es\\\/wp-content\\\/uploads\\\/2025\\\/10\\\/cropped-favicon.png\",\"contentUrl\":\"https:\\\/\\\/www.sifreenergyconstruction.es\\\/wp-content\\\/uploads\\\/2025\\\/10\\\/cropped-favicon.png\",\"width\":512,\"height\":512,\"caption\":\"Sifre Energy Construction\"},\"image\":{\"@id\":\"https:\\\/\\\/www.sifreenergyconstruction.es\\\/ca\\\/#\\\/schema\\\/logo\\\/image\\\/\"}}]}<\/script>\n<!-- \/ Yoast SEO Premium plugin. -->","yoast_head_json":{"title":"Av\u00eds legal","robots":{"index":"index","follow":"follow","max-snippet":"max-snippet:-1","max-image-preview":"max-image-preview:large","max-video-preview":"max-video-preview:-1"},"canonical":"https:\/\/www.sifreenergyconstruction.es\/ca\/avis-legal\/","og_locale":"ca_ES","og_type":"article","og_title":"Av\u00eds legal","og_description":"Av\u00eds legal Actualitzat: nov.-25 En compliment amb el deure informaci\u00f3 recollit a l&#8217;article 10 de la Llei 34\/2002, d&#8217;11 de juliol, de Serveis de la Societat de la Informaci\u00f3 i del Comer\u00e7 Electr\u00f2nic, us informem que el Lloc Web https:\/\/www.sifreenergyconstruction.es\/ (d&#8217;ara endavant, el lloc &#8220;Web&#8221;) \u00e9s titularitat de SIFRE ENERGY domicili social al C\/Marina, 3 [&hellip;]","og_url":"https:\/\/www.sifreenergyconstruction.es\/ca\/avis-legal\/","og_site_name":"Sifre Energy Construction","article_modified_time":"2025-11-27T17:46:20+00:00","og_image":[{"width":512,"height":512,"url":"https:\/\/www.sifreenergyconstruction.es\/wp-content\/uploads\/2025\/10\/cropped-favicon.png","type":"image\/png"}],"twitter_card":"summary_large_image","twitter_misc":{"Temps estimat de lectura":"7 minuts"},"schema":{"@context":"https:\/\/schema.org","@graph":[{"@type":"WebPage","@id":"https:\/\/www.sifreenergyconstruction.es\/ca\/avis-legal\/","url":"https:\/\/www.sifreenergyconstruction.es\/ca\/avis-legal\/","name":"Av\u00eds legal","isPartOf":{"@id":"https:\/\/www.sifreenergyconstruction.es\/ca\/#website"},"datePublished":"2025-10-27T10:06:12+00:00","dateModified":"2025-11-27T17:46:20+00:00","breadcrumb":{"@id":"https:\/\/www.sifreenergyconstruction.es\/ca\/avis-legal\/#breadcrumb"},"inLanguage":"ca","potentialAction":[{"@type":"ReadAction","target":["https:\/\/www.sifreenergyconstruction.es\/ca\/avis-legal\/"]}]},{"@type":"BreadcrumbList","@id":"https:\/\/www.sifreenergyconstruction.es\/ca\/avis-legal\/#breadcrumb","itemListElement":[{"@type":"ListItem","position":1,"name":"Portada","item":"https:\/\/www.sifreenergyconstruction.es\/ca\/inici\/"},{"@type":"ListItem","position":2,"name":"Av\u00eds legal"}]},{"@type":"WebSite","@id":"https:\/\/www.sifreenergyconstruction.es\/ca\/#website","url":"https:\/\/www.sifreenergyconstruction.es\/ca\/","name":"Sifre Energy Construction","description":"","publisher":{"@id":"https:\/\/www.sifreenergyconstruction.es\/ca\/#organization"},"potentialAction":[{"@type":"SearchAction","target":{"@type":"EntryPoint","urlTemplate":"https:\/\/www.sifreenergyconstruction.es\/ca\/?s={search_term_string}"},"query-input":{"@type":"PropertyValueSpecification","valueRequired":true,"valueName":"search_term_string"}}],"inLanguage":"ca"},{"@type":"Organization","@id":"https:\/\/www.sifreenergyconstruction.es\/ca\/#organization","name":"Sifre Energy Construction","url":"https:\/\/www.sifreenergyconstruction.es\/ca\/","logo":{"@type":"ImageObject","inLanguage":"ca","@id":"https:\/\/www.sifreenergyconstruction.es\/ca\/#\/schema\/logo\/image\/","url":"https:\/\/www.sifreenergyconstruction.es\/wp-content\/uploads\/2025\/10\/cropped-favicon.png","contentUrl":"https:\/\/www.sifreenergyconstruction.es\/wp-content\/uploads\/2025\/10\/cropped-favicon.png","width":512,"height":512,"caption":"Sifre Energy Construction"},"image":{"@id":"https:\/\/www.sifreenergyconstruction.es\/ca\/#\/schema\/logo\/image\/"}}]}},"_links":{"self":[{"href":"https:\/\/www.sifreenergyconstruction.es\/ca\/wp-json\/wp\/v2\/pages\/868","targetHints":{"allow":["GET"]}}],"collection":[{"href":"https:\/\/www.sifreenergyconstruction.es\/ca\/wp-json\/wp\/v2\/pages"}],"about":[{"href":"https:\/\/www.sifreenergyconstruction.es\/ca\/wp-json\/wp\/v2\/types\/page"}],"author":[{"embeddable":true,"href":"https:\/\/www.sifreenergyconstruction.es\/ca\/wp-json\/wp\/v2\/users\/2"}],"replies":[{"embeddable":true,"href":"https:\/\/www.sifreenergyconstruction.es\/ca\/wp-json\/wp\/v2\/comments?post=868"}],"version-history":[{"count":1,"href":"https:\/\/www.sifreenergyconstruction.es\/ca\/wp-json\/wp\/v2\/pages\/868\/revisions"}],"predecessor-version":[{"id":869,"href":"https:\/\/www.sifreenergyconstruction.es\/ca\/wp-json\/wp\/v2\/pages\/868\/revisions\/869"}],"wp:attachment":[{"href":"https:\/\/www.sifreenergyconstruction.es\/ca\/wp-json\/wp\/v2\/media?parent=868"}],"curies":[{"name":"wp","href":"https:\/\/api.w.org\/{rel}","templated":true}]}}